{"id":100072,"date":"2017-11-26T18:15:07","date_gmt":"2017-11-26T17:15:07","guid":{"rendered":"http:\/\/anne-sophiepailleret.com\/?page_id=100072"},"modified":"2026-01-21T15:30:29","modified_gmt":"2026-01-21T14:30:29","slug":"projects","status":"publish","type":"page","link":"https:\/\/anne-sophiepailleret.com\/en\/projects\/","title":{"rendered":"PROJECTS"},"content":{"rendered":"<p>&nbsp;<\/p>\n<p>Penthouse, Jardin du Ranelagh, Paris, 260 m\u00b2<\/p>\n<p>House, Belgravia, Londres, 1120 m\u00b2<\/p>\n<p>Pied-\u00e0-terre, Saint-Sulpice, Paris, 45m\u00b2<\/p>\n<p>Apartment Henri Martin, Paris, 1000m\u00b2<\/p>\n<p>Penthouse Champs de Mars, Paris, 300m\u00b2<\/p>\n<p>Hyde Park House, London, 500m\u00b2<\/p>\n<p>Loft with terraces, Marais, Paris, 300m\u00b2<\/p>\n<p>Duplex with garden, Ranelagh, Paris, 1000m\u00b2<\/p>\n<p>Boutique apartment, Luxury industry, Shanghai, 150m\u00b2<\/p>\n<p>Penthouse in duplex with rooftop, Passy, 400m\u00b2<\/p>\n<p>Apartment le Tasse, Paris 16\u00e8me, 230 m\u00b2<\/p>\n<p>Mansion, South of France, 1000 m\u00b2<\/p>\n<p>Penthouse, Montreux, Switzerland, 200 m\u00b2<\/p>\n<p>Apartment Bourgogne, Paris 7, 200 m\u00b2<\/p>\n<p>Showroom Cartier, Paris, 320 m\u00b2<\/p>\n<p>Pompe Apartment, Paris 16\u00e8me, 230 m\u00b2<\/p>\n<p>Lamartine Apartment, Paris 16\u00e8me, 235 m\u00b2<\/p>\n<p>Pied \u00e0 terre Rennes, Paris 6\u00e8me, 100 m\u00b2<\/p>\n<p>Apartment Henri Martin, Paris 16\u00e8me, 310 m\u00b2<\/p>\n<p>Mansion Pereire, Paris 17\u00e8me, 250 m\u00b2<\/p>\n<p>Apartment Longchamp, Paris 16\u00e8me, 265 m\u00b2<\/p>\n<p>Apartment Regard, Paris 6\u00e8me, 210 m\u00b2<\/p>\n<p>Mansion Grenelle, Paris 6\u00e8me, 400 m\u00b2<\/p>\n<p>House Kensington, London, 625 m\u00b2<\/p>\n<p>Showroom, Paris 16\u00e8me, 150 m\u00b2<\/p>\n<p>Apartment Courcelles, Paris 17\u00e8me, 130 m\u00b2<\/p>\n<p>Apartment Franco Russe, Paris 7\u00e8me, 205 m\u00b2<\/p>\n<p>Apartment Franklin Roosevelt, Paris 8\u00e8me, 250 m\u00b2<\/p>\n<p>Apartment Saint Guillaume, Paris 7\u00e8me, 200 m\u00b2<\/p>\n<p>Apartment Od\u00e9on, Paris 6\u00e8me, 160 m\u00b2<\/p>\n<p>House La Perriere, Perche, 400 m\u00b2<\/p>\n<p>Apartment Quai Branly, Paris 7\u00e8me, 200 m\u00b2<\/p>\n<p>Apartment Faubourg Saint Honor\u00e9, Paris 8\u00e8me, 180 m\u00b2<\/p>\n<p>Mansion XIV\u00e8me si\u00e8cle Rennes (h\u00f4tellerie), 650 m\u00b2<\/p>\n<p>Castle Fontainebleau, 700 m\u00b2<\/p>\n<p>Apartment Passy, Paris 16\u00e8me, 145 m\u00b2<\/p>\n<p>Pied-\u00e0-terre Dragon, Paris 6\u00e8me, 90 m\u00b2<\/p>\n<p>House Vaneau, Paris 7\u00e8me, 230 m\u00b2<\/p>\n<p>Apartment Foch, Paris 16\u00e8me, 150 m\u00b2<\/p>\n<p>House Montfort l\u2019Amaury, 350 m\u00b2<\/p>\n<p>House Auteuil, Paris 16\u00e8me, 230 m\u00b2<\/p>\n<p>Apartment Auteuil, Paris 16\u00e8me, 165 m\u00b2<\/p>\n","protected":false},"excerpt":{"rendered":"<p>&nbsp; Penthouse, Jardin du Ranelagh, Paris, 260 m\u00b2 House, Belgravia, Londres, 1120 m\u00b2 Pied-\u00e0-terre, Saint-Sulpice, Paris, 45m\u00b2 Apartment Henri Martin, Paris, 1000m\u00b2 Penthouse Champs de Mars, Paris, 300m\u00b2 Hyde Park House, London, 500m\u00b2 Loft with terraces, Marais, Paris, 300m\u00b2 Duplex with garden, Ranelagh, Paris, 1000m\u00b2 Boutique apartment, Luxury industry, Shanghai, 150m\u00b2 Penthouse in duplex with rooftop, Passy, 400m\u00b2 Apartment le Tasse, Paris 16\u00e8me, 230 m\u00b2 Mansion, South of France, 1000 m\u00b2 Penthouse, Montreux, Switzerland, 200 m\u00b2 Apartment Bourgogne, Paris 7, 200 m\u00b2 Showroom Cartier, Paris, 320 m\u00b2 Pompe Apartment, Paris 16\u00e8me, 230 m\u00b2 Lamartine Apartment, Paris 16\u00e8me, 235 m\u00b2 Pied \u00e0 terre Rennes, Paris 6\u00e8me, 100 m\u00b2 Apartment Henri Martin, Paris 16\u00e8me, 310 m\u00b2 Mansion Pereire, Paris 17\u00e8me, 250 m\u00b2 Apartment Longchamp, Paris 16\u00e8me, 265 m\u00b2 Apartment Regard, Paris 6\u00e8me, 210 m\u00b2 Mansion Grenelle, Paris 6\u00e8me, 400 m\u00b2 House Kensington, London, 625 m\u00b2 Showroom, Paris 16\u00e8me, 150 m\u00b2 Apartment Courcelles,..<\/p>\n","protected":false},"author":4,"featured_media":99914,"parent":0,"menu_order":0,"comment_status":"closed","ping_status":"closed","template":"page-split-layout.php","meta":[],"acf":[],"_links":{"self":[{"href":"https:\/\/anne-sophiepailleret.com\/en\/wp-json\/wp\/v2\/pages\/100072"}],"collection":[{"href":"https:\/\/anne-sophiepailleret.com\/en\/wp-json\/wp\/v2\/pages"}],"about":[{"href":"https:\/\/anne-sophiepailleret.com\/en\/wp-json\/wp\/v2\/types\/page"}],"author":[{"embeddable":true,"href":"https:\/\/anne-sophiepailleret.com\/en\/wp-json\/wp\/v2\/users\/4"}],"replies":[{"embeddable":true,"href":"https:\/\/anne-sophiepailleret.com\/en\/wp-json\/wp\/v2\/comments?post=100072"}],"version-history":[{"count":30,"href":"https:\/\/anne-sophiepailleret.com\/en\/wp-json\/wp\/v2\/pages\/100072\/revisions"}],"predecessor-version":[{"id":102044,"href":"https:\/\/anne-sophiepailleret.com\/en\/wp-json\/wp\/v2\/pages\/100072\/revisions\/102044"}],"wp:featuredmedia":[{"embeddable":true,"href":"https:\/\/anne-sophiepailleret.com\/en\/wp-json\/wp\/v2\/media\/99914"}],"wp:attachment":[{"href":"https:\/\/anne-sophiepailleret.com\/en\/wp-json\/wp\/v2\/media?parent=100072"}],"curies":[{"name":"wp","href":"https:\/\/api.w.org\/{rel}","templated":true}]}}